{"id":443,"date":"2022-03-12T20:10:48","date_gmt":"2022-03-12T20:10:48","guid":{"rendered":"https:\/\/clashclashbangbang.com\/?page_id=443"},"modified":"2025-10-09T08:40:01","modified_gmt":"2025-10-09T08:40:01","slug":"live","status":"publish","type":"page","link":"https:\/\/clashclashbangbang.com\/en\/live\/","title":{"rendered":"Live"},"content":{"rendered":"<div data-elementor-type=\"wp-page\" data-elementor-id=\"443\" class=\"elementor elementor-443\">\n\t\t\t\t\t\t<section class=\"elementor-section elementor-top-section elementor-element elementor-element-f5c791f elementor-section-boxed elementor-section-height-default elementor-section-height-default wpr-particle-no wpr-jarallax-no wpr-parallax-no wpr-sticky-section-no wpr-equal-height-no\" data-id=\"f5c791f\" data-element_type=\"section\" data-e-type=\"section\">\n\t\t\t\t\t\t<div class=\"elementor-container elementor-column-gap-default\">\n\t\t\t\t\t<div class=\"elementor-column elementor-col-100 elementor-top-column elementor-element elementor-element-487ae17\" data-id=\"487ae17\" data-element_type=\"column\" data-e-type=\"column\" data-settings=\"{&quot;background_background&quot;:&quot;classic&quot;}\">\n\t\t\t<div class=\"elementor-widget-wrap elementor-element-populated\">\n\t\t\t\t\t\t<div class=\"elementor-element elementor-element-0a57c17 elementor-arrows-position-inside elementor-pagination-position-outside elementor-widget elementor-widget-image-carousel\" data-id=\"0a57c17\" data-element_type=\"widget\" data-e-type=\"widget\" data-settings=\"{&quot;slides_to_show&quot;:&quot;1&quot;,&quot;navigation&quot;:&quot;both&quot;,&quot;autoplay&quot;:&quot;yes&quot;,&quot;pause_on_hover&quot;:&quot;yes&quot;,&quot;pause_on_interaction&quot;:&quot;yes&quot;,&quot;autoplay_speed&quot;:5000,&quot;infinite&quot;:&quot;yes&quot;,&quot;effect&quot;:&quot;slide&quot;,&quot;speed&quot;:500}\" data-widget_type=\"image-carousel.default\">\n\t\t\t\t<div class=\"elementor-widget-container\">\n\t\t\t\t\t\t\t<div class=\"elementor-image-carousel-wrapper swiper\" role=\"region\" aria-roledescription=\"carousel\" aria-label=\"Bild Karussell\" dir=\"ltr\">\n\t\t\t<div class=\"elementor-image-carousel swiper-wrapper\" aria-live=\"off\">\n\t\t\t\t\t\t\t\t<div class=\"swiper-slide\" role=\"group\" aria-roledescription=\"slide\" aria-label=\"1 of 5\" data-no-translation-aria-label=\"\"><figure class=\"swiper-slide-inner\"><img decoding=\"async\" class=\"swiper-slide-image\" src=\"https:\/\/clashclashbangbang.com\/wp-content\/uploads\/2022\/05\/photo_2022-05-22_13-42-07.jpg\" alt=\"Photo: Steph W\u00e4chter\" \/><figcaption class=\"elementor-image-carousel-caption\">Photo: Steph W\u00e4chter<\/figcaption><\/figure><\/div><div class=\"swiper-slide\" role=\"group\" aria-roledescription=\"slide\" aria-label=\"2 of 5\" data-no-translation-aria-label=\"\"><figure class=\"swiper-slide-inner\"><img decoding=\"async\" class=\"swiper-slide-image\" src=\"https:\/\/clashclashbangbang.com\/wp-content\/uploads\/2024\/04\/ClashClashBangBang-3-scaled.jpg\" alt=\"Clash Clash Bang Bang, 19.4.2024, fotografiert von theresia Reinhold bei der Heinrich-B\u00f6ll-Stiftung\" \/><figcaption class=\"elementor-image-carousel-caption\">Photo: Theresia Reinhold<\/figcaption><\/figure><\/div><div class=\"swiper-slide\" role=\"group\" aria-roledescription=\"slide\" aria-label=\"3 of 5\" data-no-translation-aria-label=\"\"><figure class=\"swiper-slide-inner\"><img decoding=\"async\" class=\"swiper-slide-image\" src=\"https:\/\/clashclashbangbang.com\/wp-content\/uploads\/2022\/07\/IMG_3140_CCBB_web.jpg\" alt=\"Photo: Steph W\u00e4chter\" \/><figcaption class=\"elementor-image-carousel-caption\">Photo: Steph W\u00e4chter<\/figcaption><\/figure><\/div><div class=\"swiper-slide\" role=\"group\" aria-roledescription=\"slide\" aria-label=\"4 of 5\" data-no-translation-aria-label=\"\"><figure class=\"swiper-slide-inner\"><img decoding=\"async\" class=\"swiper-slide-image\" src=\"https:\/\/clashclashbangbang.com\/wp-content\/uploads\/2024\/06\/LiveBayreuth-3000px-scaled.jpg\" alt=\"Photo: Lunafacious\" \/><figcaption class=\"elementor-image-carousel-caption\">Photo: Lunafacious<\/figcaption><\/figure><\/div><div class=\"swiper-slide\" role=\"group\" aria-roledescription=\"slide\" aria-label=\"5 of 5\" data-no-translation-aria-label=\"\"><figure class=\"swiper-slide-inner\"><img decoding=\"async\" class=\"swiper-slide-image\" src=\"https:\/\/clashclashbangbang.com\/wp-content\/uploads\/2023\/03\/IMG_7703-scaled.jpg\" alt=\"Photo: Florian H\u00fchn\" \/><figcaption class=\"elementor-image-carousel-caption\">Photo: Florian H\u00fchn<\/figcaption><\/figure><\/div>\t\t\t<\/div>\n\t\t\t\t\t\t\t\t\t\t\t\t<div class=\"elementor-swiper-button elementor-swiper-button-prev\" role=\"button\" tabindex=\"0\">\n\t\t\t\t\t\t<i aria-hidden=\"true\" class=\"eicon-chevron-left\"><\/i>\t\t\t\t\t<\/div>\n\t\t\t\t\t<div class=\"elementor-swiper-button elementor-swiper-button-next\" role=\"button\" tabindex=\"0\">\n\t\t\t\t\t\t<i aria-hidden=\"true\" class=\"eicon-chevron-right\"><\/i>\t\t\t\t\t<\/div>\n\t\t\t\t\n\t\t\t\t\t\t\t\t\t<div class=\"swiper-pagination\"><\/div>\n\t\t\t\t\t\t\t\t\t<\/div>\n\t\t\t\t\t\t<\/div>\n\t\t\t\t<\/div>\n\t\t\t\t\t<\/div>\n\t\t<\/div>\n\t\t\t\t\t<\/div>\n\t\t<\/section>\n\t\t\t\t<section class=\"elementor-section elementor-top-section elementor-element elementor-element-f76d03a elementor-section-boxed elementor-section-height-default elementor-section-height-default wpr-particle-no wpr-jarallax-no wpr-parallax-no wpr-sticky-section-no wpr-equal-height-no\" data-id=\"f76d03a\" data-element_type=\"section\" data-e-type=\"section\">\n\t\t\t\t\t\t<div class=\"elementor-container elementor-column-gap-default\">\n\t\t\t\t\t<div class=\"elementor-column elementor-col-100 elementor-top-column elementor-element elementor-element-d874676\" data-id=\"d874676\" data-element_type=\"column\" data-e-type=\"column\" data-settings=\"{&quot;background_background&quot;:&quot;classic&quot;}\">\n\t\t\t<div class=\"elementor-widget-wrap elementor-element-populated\">\n\t\t\t\t\t\t<div class=\"elementor-element elementor-element-fca9431 elementor-widget elementor-widget-heading\" data-id=\"fca9431\" data-element_type=\"widget\" data-e-type=\"widget\" data-widget_type=\"heading.default\">\n\t\t\t\t<div class=\"elementor-widget-container\">\n\t\t\t\t\t<h1 class=\"elementor-heading-title elementor-size-default\">Clash Clash Bang Bang won't have any further concerts.<\/h1>\t\t\t\t<\/div>\n\t\t\t\t<\/div>\n\t\t\t\t<div class=\"elementor-element elementor-element-09a081c elementor-widget elementor-widget-text-editor\" data-id=\"09a081c\" data-element_type=\"widget\" data-e-type=\"widget\" data-widget_type=\"text-editor.default\">\n\t\t\t\t<div class=\"elementor-widget-container\">\n\t\t\t\t\t\t\t\t\t<p>For 47 times Clash Clash Bang Bang were on stages, but now they left Earth.<\/p>\t\t\t\t\t\t\t\t<\/div>\n\t\t\t\t<\/div>\n\t\t\t\t\t<\/div>\n\t\t<\/div>\n\t\t\t\t\t<\/div>\n\t\t<\/section>\n\t\t\t\t<section class=\"elementor-section elementor-top-section elementor-element elementor-element-f768533 elementor-section-boxed elementor-section-height-default elementor-section-height-default wpr-particle-no wpr-jarallax-no wpr-parallax-no wpr-sticky-section-no wpr-equal-height-no\" data-id=\"f768533\" data-element_type=\"section\" data-e-type=\"section\" data-settings=\"{&quot;shape_divider_bottom&quot;:&quot;arrow&quot;}\">\n\t\t\t\t\t\t\t<div class=\"elementor-background-overlay\"><\/div>\n\t\t\t\t\t\t<div class=\"elementor-shape elementor-shape-bottom\" aria-hidden=\"true\" data-negative=\"false\">\n\t\t\t<svg xmlns=\"http:\/\/www.w3.org\/2000\/svg\" viewbox=\"0 0 700 10\" preserveaspectratio=\"none\">\n\t<path class=\"elementor-shape-fill\" d=\"M350,10L340,0h20L350,10z\"\/>\n<\/svg>\t\t<\/div>\n\t\t\t\t\t<div class=\"elementor-container elementor-column-gap-default\">\n\t\t\t\t\t<div class=\"elementor-column elementor-col-100 elementor-top-column elementor-element elementor-element-f79fecf\" data-id=\"f79fecf\" data-element_type=\"column\" data-e-type=\"column\" data-settings=\"{&quot;background_background&quot;:&quot;gradient&quot;}\">\n\t\t\t<div class=\"elementor-widget-wrap elementor-element-populated\">\n\t\t\t\t\t\t<div class=\"elementor-element elementor-element-9ae3858 elementor-widget-divider--view-line_text elementor-widget-divider--separator-type-pattern elementor-widget-divider--no-spacing elementor-widget-divider--element-align-center elementor-widget elementor-widget-divider\" data-id=\"9ae3858\" data-element_type=\"widget\" data-e-type=\"widget\" data-widget_type=\"divider.default\">\n\t\t\t\t<div class=\"elementor-widget-container\">\n\t\t\t\t\t\t\t<div class=\"elementor-divider\" style=\"--divider-pattern-url: url(&quot;data:image\/svg+xml,%3Csvg xmlns=&#039;http:\/\/www.w3.org\/2000\/svg&#039; preserveAspectRatio=&#039;xMidYMid meet&#039; overflow=&#039;visible&#039; height=&#039;100%&#039; viewBox=&#039;0 0 126 26&#039; fill=&#039;black&#039; stroke=&#039;none&#039;%3E%3Cpath d=&#039;M10.7,6l2.5,2.6l-4,4.3l4,5.4l-2.5,1.9l-4.5-5.2l-3.9,4.2L0.7,17L4,13.1L0,8.6l2.3-1.3l3.9,3.9L10.7,6z M23.9,6.6l4.2,4.5L32,7.2l2.3,1.3l-4,4.5l3.2,3.9L32,19.1l-3.9-3.3l-4.5,4.3l-2.5-1.9l4.4-5.1l-4.2-3.9L23.9,6.6zM73.5,6L76,8.6l-4,4.3l4,5.4l-2.5,1.9l-4.5-5.2l-3.9,4.2L63.5,17l4.1-4.7L63.5,8l2.3-1.3l4.1,3.6L73.5,6z M94,6l2.5,2.6l-4,4.3l4,5.4L94,20.1l-3.9-5l-3.9,4.2L84,17l3.2-3.9L84,8.6l2.3-1.3l3.2,3.9L94,6z M106.9,6l4.5,5.1l3.9-3.9l2.3,1.3l-4,4.5l3.2,3.9l-1.6,2.1l-3.9-4.2l-4.5,5.2l-2.5-1.9l4-5.4l-4-4.3L106.9,6z M53.1,6l2.5,2.6l-4,4.3l4,4.6l-2.5,1.9l-4.5-4.5l-3.5,4.5L43.1,17l3.2-3.9l-4-4.5l2.3-1.3l3.9,3.9L53.1,6z&#039;\/%3E%3C\/svg%3E&quot;);\">\n\t\t\t<span class=\"elementor-divider-separator\">\n\t\t\t\t\t\t\t<span class=\"elementor-divider__text elementor-divider__element\">\n\t\t\t\tlive live live live\t\t\t\t<\/span>\n\t\t\t\t\t\t<\/span>\n\t\t<\/div>\n\t\t\t\t\t\t<\/div>\n\t\t\t\t<\/div>\n\t\t\t\t<div class=\"elementor-element elementor-element-5b8dfd4 elementor-widget elementor-widget-spacer\" data-id=\"5b8dfd4\" data-element_type=\"widget\" data-e-type=\"widget\" data-widget_type=\"spacer.default\">\n\t\t\t\t<div class=\"elementor-widget-container\">\n\t\t\t\t\t\t\t<div class=\"elementor-spacer\">\n\t\t\t<div class=\"elementor-spacer-inner\"><\/div>\n\t\t<\/div>\n\t\t\t\t\t\t<\/div>\n\t\t\t\t<\/div>\n\t\t\t\t\t<\/div>\n\t\t<\/div>\n\t\t\t\t\t<\/div>\n\t\t<\/section>\n\t\t\t\t<section class=\"elementor-section elementor-top-section elementor-element elementor-element-bc0ea8b elementor-section-boxed elementor-section-height-default elementor-section-height-default wpr-particle-no wpr-jarallax-no wpr-parallax-no wpr-sticky-section-no wpr-equal-height-no\" data-id=\"bc0ea8b\" data-element_type=\"section\" data-e-type=\"section\">\n\t\t\t\t\t\t<div class=\"elementor-container elementor-column-gap-default\">\n\t\t\t\t\t<div class=\"elementor-column elementor-col-100 elementor-top-column elementor-element elementor-element-dd5c00d\" data-id=\"dd5c00d\" data-element_type=\"column\" data-e-type=\"column\" data-settings=\"{&quot;background_background&quot;:&quot;classic&quot;}\">\n\t\t\t<div class=\"elementor-widget-wrap elementor-element-populated\">\n\t\t\t\t\t\t<div class=\"elementor-element elementor-element-a97d74f elementor-widget elementor-widget-heading\" data-id=\"a97d74f\" data-element_type=\"widget\" data-e-type=\"widget\" data-widget_type=\"heading.default\">\n\t\t\t\t<div class=\"elementor-widget-container\">\n\t\t\t\t\t<h1 class=\"elementor-heading-title elementor-size-default\">List of past concerts<\/h1>\t\t\t\t<\/div>\n\t\t\t\t<\/div>\n\t\t\t\t<div class=\"elementor-element elementor-element-7adf93c elementor-widget elementor-widget-heading\" data-id=\"7adf93c\" data-element_type=\"widget\" data-e-type=\"widget\" data-widget_type=\"heading.default\">\n\t\t\t\t<div class=\"elementor-widget-container\">\n\t\t\t\t\t<h2 class=\"elementor-heading-title elementor-size-default\"><a href=\"https:\/\/clashclashbangbang.com\/en\/fotos\/\"><u>Photos from past concerts<\/u><\/a><\/h2>\t\t\t\t<\/div>\n\t\t\t\t<\/div>\n\t\t\t\t\t<\/div>\n\t\t<\/div>\n\t\t\t\t\t<\/div>\n\t\t<\/section>\n\t\t\t\t<section class=\"elementor-section elementor-top-section elementor-element elementor-element-f539c64 elementor-section-boxed elementor-section-height-default elementor-section-height-default wpr-particle-no wpr-jarallax-no wpr-parallax-no wpr-sticky-section-no wpr-equal-height-no\" data-id=\"f539c64\" data-element_type=\"section\" data-e-type=\"section\">\n\t\t\t\t\t\t<div class=\"elementor-container elementor-column-gap-default\">\n\t\t\t\t\t<div class=\"elementor-column elementor-col-100 elementor-top-column elementor-element elementor-element-12f4f67\" data-id=\"12f4f67\" data-element_type=\"column\" data-e-type=\"column\" data-settings=\"{&quot;background_background&quot;:&quot;classic&quot;}\">\n\t\t\t<div class=\"elementor-widget-wrap elementor-element-populated\">\n\t\t\t\t\t\t<div class=\"elementor-element elementor-element-b70df0b elementor-widget__width-initial elementor-widget elementor-widget-text-editor\" data-id=\"b70df0b\" data-element_type=\"widget\" data-e-type=\"widget\" data-widget_type=\"text-editor.default\">\n\t\t\t\t<div class=\"elementor-widget-container\">\n\t\t\t\t\t\t\t\t\t<p style=\"-qt-block-indent: 0; text-indent: 0px; margin: 0px;\">09\/2025: Berlin, 1 Last Time, 12\u00b0 Aetherloge<\/p><p style=\"-qt-block-indent: 0; text-indent: 0px; margin: 0px;\">07\/2025: Dresden, Queer Pride<\/p><p style=\"-qt-block-indent: 0; text-indent: 0px; margin: 0px;\">06\/2025: Berlin, Kiez rockt!, M\u00fcnsterlandplatz<\/p><p style=\"-qt-block-indent: 0; text-indent: 0px; margin: 0px;\">10\/2024: Berlin, Queeres Herbstfest, JuKuZ<\/p><p style=\"-qt-block-indent: 0; text-indent: 0px; margin: 0px;\">10\/2024: Berlin, Queerpreis Lichtenberg, Kulturhaus Karlshorst<\/p><p style=\"-qt-block-indent: 0; text-indent: 0px; margin: 0px;\">09\/2024: Berlin, Fest der Vielfalt, Prerower Platz<\/p><p style=\"-qt-block-indent: 0; text-indent: 0px; margin: 0px;\">06\/2024: Rendsburg, CSD<\/p><p style=\"-qt-block-indent: 0; text-indent: 0px; margin: 0px;\">06\/2024: Bayreuth, CSD<\/p><p style=\"-qt-block-indent: 0; text-indent: 0px; margin: 0px;\">05\/2024: Osnabr\u00fcck: CSD<\/p><p style=\"-qt-block-indent: 0; text-indent: 0px; margin: 0px;\">04\/2024: Berlin, Queering A.I., Heinrich-B\u00f6ll-Stiftung<\/p><p style=\"-qt-block-indent: 0; text-indent: 0px; margin: 0px;\">03\/2024: Berlin, Stage Night, Baergarten (RSO)<\/p><p style=\"-qt-block-indent: 0; text-indent: 0px; margin: 0px;\">10\/2023: Berlin, K\u00f6penicenstein, HdJK<\/p><p style=\"-qt-block-indent: 0; text-indent: 0px; margin: 0px;\">09\/2023: Stendal: CSD<\/p><p style=\"-qt-block-indent: 0; text-indent: 0px; margin: 0px;\">08\/2023: Hennigsdorf, Rock am Hafen<br \/>07\/2023: Berlin, Kiez rockt!, Heinrichtreff<br \/>06\/2023: Salzwedel: CSD<\/p><p style=\"-qt-block-indent: 0; text-indent: 0px; margin: 0px;\">04\/2023: Sch\u00f6nebeck (Elbe): CSD<\/p><p style=\"-qt-block-indent: 0; text-indent: 0px; margin: 0px;\">03\/2023: Berlin, 4 Bands 4 Pumpe Festival &amp; Artbook-Release, Alte Pumpe<\/p><p style=\"-qt-block-indent: 0; text-indent: 0px; margin: 0px;\">10\/2022: Berlin, Airships &amp; Aliens, Junction Bar<\/p><p style=\"-qt-block-indent: 0; text-indent: 0px; margin: 0px;\">09\/2022: Berlin, Fest der Vielfalt, Prerower Platz<\/p><p style=\"-qt-block-indent: 0; text-indent: 0px; margin: 0px;\">09\/2022: Berlin, resurrection ZINE, 12\u00b0Aetherloge<\/p><p style=\"-qt-block-indent: 0; text-indent: 0px; margin: 0px;\">06\/2022: Berlin, F\u00eate de la Musique, Prerower Platz<\/p><p style=\"-qt-block-indent: 0; text-indent: 0px; margin: 0px;\">05\/2022: Berlin, Franka Furta\u2018s Space Bar, 12\u00b0Aetherloge<\/p><p style=\"-qt-block-indent: 0; text-indent: 0px; margin: 0px;\">04\/2022: Berlin, Look Mom, the Aliens are Back, 12\u00b0Aetherloge<\/p><p style=\"-qt-block-indent: 0; text-indent: 0px; margin: 0px;\">01\/2020: Berlin, Farewell General, 12\u00b0Aetherloge<\/p><p style=\"-qt-block-indent: 0; text-indent: 0px; margin: 0px;\">11\/2019: Berlin, Die Anstalt<\/p><p style=\"-qt-block-indent: 0; text-indent: 0px; margin: 0px;\">10\/2019: Berlin, Zosch<\/p><p style=\"-qt-block-indent: 0; text-indent: 0px; margin: 0px;\">08\/2019: Lehrte, Gut Adolphshof<\/p><p style=\"-qt-block-indent: 0; text-indent: 0px; margin: 0px;\">06\/2019: Berlin, Junction Bar<\/p><p style=\"-qt-block-indent: 0; text-indent: 0px; margin: 0px;\">11\/2018: Lehrte, Gut Adolphshof<\/p><p style=\"-qt-block-indent: 0; text-indent: 0px; margin: 0px;\">11\/2018: Berlin, TU Berlin<\/p><p style=\"-qt-block-indent: 0; text-indent: 0px; margin: 0px;\">11\/2018: Berlin, 12\u00b0Aetherloge<\/p><p style=\"-qt-block-indent: 0; text-indent: 0px; margin: 0px;\">09\/2018: Berlin, Zosch<\/p><p style=\"-qt-block-indent: 0; text-indent: 0px; margin: 0px;\">05\/2018: Hamburg, KIR<\/p><p style=\"-qt-block-indent: 0; text-indent: 0px; margin: 0px;\">05\/2018: Oldenburg, Polyester<\/p><p style=\"-qt-block-indent: 0; text-indent: 0px; margin: 0px;\">02\/2018: Berlin, Stranger Galaxies, Zosch<\/p><p style=\"-qt-block-indent: 0; text-indent: 0px; margin: 0px;\">01\/2018: Oldenburg, Polyester<\/p><p style=\"-qt-block-indent: 0; text-indent: 0px; margin: 0px;\">01\/2018: Hamburg, Dark Electronic Sounds, KIR<\/p><p style=\"-qt-block-indent: 0; text-indent: 0px; margin: 0px;\">06\/2017: Leipzig, WGT, Bipolar X<\/p><p style=\"-qt-block-indent: 0; text-indent: 0px; margin: 0px;\">05\/2017: Berlin, We Come In Peace, 12\u00b0Aetherloge<\/p><p style=\"-qt-block-indent: 0; text-indent: 0px; margin: 0px;\">12\/2016: Leipzig, Bipolar X<\/p><p style=\"-qt-block-indent: 0; text-indent: 0px; margin: 0px;\">11\/2016: Berlin, 12\u00b0Aetherloge<\/p><p style=\"-qt-block-indent: 0; text-indent: 0px; margin: 0px;\">04\/2016: Berlin, 12\u00b0Aetherloge<\/p><p style=\"-qt-block-indent: 0; text-indent: 0px; margin: 0px;\">11\/2015: Berlin, 12\u00b0Aetherloge<\/p><p style=\"-qt-block-indent: 0; text-indent: 0px; margin: 0px;\">07\/2015: Halle (Saale), KleinKunstNacht 4<\/p><p style=\"-qt-block-indent: 0; text-indent: 0px; margin: 0px;\">04\/2015: Berlin, 2nd Stage, Verl\u00e4ngertes Wohnzimmer<\/p><p style=\"-qt-block-indent: 0; text-indent: 0px; margin: 0px;\">01\/2015: Berlin, Initial Contact, Verl\u00e4ngertes Wohnzimmer<\/p><p style=\"-qt-block-indent: 0; text-indent: 0px; margin: 0px;\">\u00a0<\/p>\t\t\t\t\t\t\t\t<\/div>\n\t\t\t\t<\/div>\n\t\t\t\t\t<\/div>\n\t\t<\/div>\n\t\t\t\t\t<\/div>\n\t\t<\/section>\n\t\t\t\t<\/div>","protected":false},"excerpt":{"rendered":"<p>Photo: Steph W\u00e4chter Photo: Theresia Reinhold Photo: Steph W\u00e4chter Photo: Lunafacious Photo: Florian H\u00fchn Clash Clash Bang Bang spielen nicht mehr live. 47 Mal haben Clash Clash Bang Bang Konzerte gegeben und Auftritte gespielt. Jetzt sind sie nicht mehr auf der Erde. live live live live Vergangene Konzerte Fotos von vergangenen Konzerten 09\/2025: Berlin, 1 Last Time, 12\u00b0 Aetherloge 07\/2025: Dresden, Queer Pride 06\/2025: Berlin, Kiez rockt!, M\u00fcnsterlandplatz 10\/2024: Berlin, Queeres Herbstfest, JuKuZ 10\/2024: Berlin, Queerpreis Lichtenberg, Kulturhaus Karlshorst 09\/2024: Berlin, Fest der Vielfalt, Prerower Platz 06\/2024: Rendsburg, CSD 06\/2024: Bayreuth, CSD 05\/2024: Osnabr\u00fcck: CSD 04\/2024: Berlin, Queering A.I., Heinrich-B\u00f6ll-Stiftung 03\/2024: Berlin, Stage Night, Baergarten (RSO) 10\/2023: Berlin, K\u00f6penicenstein, HdJK 09\/2023: Stendal: CSD 08\/2023: Hennigsdorf, Rock am Hafen07\/2023: Berlin, Kiez rockt!, Heinrichtreff06\/2023: Salzwedel: CSD 04\/2023: Sch\u00f6nebeck (Elbe): CSD 03\/2023: Berlin, 4 Bands 4 Pumpe Festival &amp; Artbook-Release, Alte Pumpe 10\/2022: Berlin, Airships &amp; Aliens, Junction Bar 09\/2022: Berlin, Fest der Vielfalt, Prerower Platz 09\/2022: Berlin, resurrection ZINE, 12\u00b0Aetherloge 06\/2022: Berlin, F\u00eate de la Musique, Prerower Platz 05\/2022: Berlin, Franka Furta\u2018s Space Bar, 12\u00b0Aetherloge 04\/2022: Berlin, Look Mom, the Aliens are Back, 12\u00b0Aetherloge 01\/2020: Berlin, Farewell General, 12\u00b0Aetherloge 11\/2019: Berlin, Die Anstalt 10\/2019: Berlin, Zosch 08\/2019: Lehrte, Gut Adolphshof 06\/2019: Berlin, Junction Bar 11\/2018: Lehrte, Gut Adolphshof 11\/2018: Berlin, TU Berlin 11\/2018: Berlin, 12\u00b0Aetherloge 09\/2018: Berlin, Zosch 05\/2018: Hamburg, KIR 05\/2018: Oldenburg, Polyester 02\/2018: Berlin, Stranger Galaxies, Zosch 01\/2018: Oldenburg, Polyester 01\/2018: Hamburg, Dark Electronic Sounds, KIR 06\/2017: Leipzig, WGT, Bipolar X 05\/2017: Berlin, We Come In Peace, 12\u00b0Aetherloge 12\/2016: Leipzig, Bipolar X 11\/2016: Berlin, 12\u00b0Aetherloge 04\/2016: Berlin, 12\u00b0Aetherloge 11\/2015: Berlin, 12\u00b0Aetherloge 07\/2015: Halle (Saale), KleinKunstNacht 4 04\/2015: Berlin, 2nd Stage, Verl\u00e4ngertes Wohnzimmer 01\/2015: Berlin, Initial Contact, Verl\u00e4ngertes Wohnzimmer \u00a0<\/p>","protected":false},"author":1,"featured_media":0,"parent":0,"menu_order":0,"comment_status":"closed","ping_status":"closed","template":"","meta":{"ocean_post_layout":"full-screen","ocean_both_sidebars_style":"","ocean_both_sidebars_content_width":0,"ocean_both_sidebars_sidebars_width":0,"ocean_sidebar":"0","ocean_second_sidebar":"0","ocean_disable_margins":"enable","ocean_add_body_class":"","ocean_shortcode_before_top_bar":"","ocean_shortcode_after_top_bar":"","ocean_shortcode_before_header":"","ocean_shortcode_after_header":"","ocean_has_shortcode":"","ocean_shortcode_after_title":"","ocean_shortcode_before_footer_widgets":"","ocean_shortcode_after_footer_widgets":"","ocean_shortcode_before_footer_bottom":"","ocean_shortcode_after_footer_bottom":"","ocean_display_top_bar":"off","ocean_display_header":"default","ocean_header_style":"","ocean_center_header_left_menu":"0","ocean_custom_header_template":"0","ocean_custom_logo":0,"ocean_custom_retina_logo":0,"ocean_custom_logo_max_width":0,"ocean_custom_logo_tablet_max_width":0,"ocean_custom_logo_mobile_max_width":0,"ocean_custom_logo_max_height":0,"ocean_custom_logo_tablet_max_height":0,"ocean_custom_logo_mobile_max_height":0,"ocean_header_custom_menu":"0","ocean_menu_typo_font_family":"0","ocean_menu_typo_font_subset":"","ocean_menu_typo_font_size":0,"ocean_menu_typo_font_size_tablet":0,"ocean_menu_typo_font_size_mobile":0,"ocean_menu_typo_font_size_unit":"px","ocean_menu_typo_font_weight":"","ocean_menu_typo_font_weight_tablet":"","ocean_menu_typo_font_weight_mobile":"","ocean_menu_typo_transform":"","ocean_menu_typo_transform_tablet":"","ocean_menu_typo_transform_mobile":"","ocean_menu_typo_line_height":0,"ocean_menu_typo_line_height_tablet":0,"ocean_menu_typo_line_height_mobile":0,"ocean_menu_typo_line_height_unit":"","ocean_menu_typo_spacing":0,"ocean_menu_typo_spacing_tablet":0,"ocean_menu_typo_spacing_mobile":0,"ocean_menu_typo_spacing_unit":"","ocean_menu_link_color":"","ocean_menu_link_color_hover":"","ocean_menu_link_color_active":"","ocean_menu_link_background":"","ocean_menu_link_hover_background":"","ocean_menu_link_active_background":"","ocean_menu_social_links_bg":"","ocean_menu_social_hover_links_bg":"","ocean_menu_social_links_color":"","ocean_menu_social_hover_links_color":"","ocean_disable_title":"on","ocean_disable_heading":"default","ocean_post_title":"","ocean_post_subheading":"","ocean_post_title_style":"","ocean_post_title_background_color":"","ocean_post_title_background":0,"ocean_post_title_bg_image_position":"","ocean_post_title_bg_image_attachment":"","ocean_post_title_bg_image_repeat":"","ocean_post_title_bg_image_size":"","ocean_post_title_height":0,"ocean_post_title_bg_overlay":0.5,"ocean_post_title_bg_overlay_color":"","ocean_disable_breadcrumbs":"default","ocean_breadcrumbs_color":"","ocean_breadcrumbs_separator_color":"","ocean_breadcrumbs_links_color":"","ocean_breadcrumbs_links_hover_color":"","ocean_display_footer_widgets":"off","ocean_display_footer_bottom":"on","ocean_custom_footer_template":"0","footnotes":""},"class_list":["post-443","page","type-page","status-publish","hentry","entry"],"_links":{"self":[{"href":"https:\/\/clashclashbangbang.com\/en\/wp-json\/wp\/v2\/pages\/443","targetHints":{"allow":["GET"]}}],"collection":[{"href":"https:\/\/clashclashbangbang.com\/en\/wp-json\/wp\/v2\/pages"}],"about":[{"href":"https:\/\/clashclashbangbang.com\/en\/wp-json\/wp\/v2\/types\/page"}],"author":[{"embeddable":true,"href":"https:\/\/clashclashbangbang.com\/en\/wp-json\/wp\/v2\/users\/1"}],"replies":[{"embeddable":true,"href":"https:\/\/clashclashbangbang.com\/en\/wp-json\/wp\/v2\/comments?post=443"}],"version-history":[{"count":348,"href":"https:\/\/clashclashbangbang.com\/en\/wp-json\/wp\/v2\/pages\/443\/revisions"}],"predecessor-version":[{"id":1990,"href":"https:\/\/clashclashbangbang.com\/en\/wp-json\/wp\/v2\/pages\/443\/revisions\/1990"}],"wp:attachment":[{"href":"https:\/\/clashclashbangbang.com\/en\/wp-json\/wp\/v2\/media?parent=443"}],"curies":[{"name":"wp","href":"https:\/\/api.w.org\/{rel}","templated":true}]}}